{"id":1181,"date":"2019-01-14T07:11:21","date_gmt":"2019-01-14T07:11:21","guid":{"rendered":"https:\/\/www.relevantcluj.ro\/politica-de-confidentialitate\/"},"modified":"2019-05-12T19:47:51","modified_gmt":"2019-05-12T19:47:51","slug":"privacy-policy","status":"publish","type":"page","link":"https:\/\/www.relevantcluj.ro\/en\/privacy-policy\/","title":{"rendered":"Privacy Policy"},"content":{"rendered":"\r\n<p>Ultima actualizare: Mai 2019<\/p>\r\n\r\n\r\n\r\n<p><strong>1. Introducere<\/strong><\/p>\r\n\r\n\r\n\r\n<p>Scopul acestei politici de confiden\u021bialitate este s\u0103 \u00ee\u021bi explice ce date prelucr\u0103m, de ce le prelucr\u0103m \u0219i ce facem cu ele. Prin utilizarea \u00a0site-ului <a href=\"http:\/\/www.relevantcluj.ro\">www.relevantcluj.ro<\/a> accep\u021bi \u00a0politica \u00a0de confiden\u021bialitate a datelor furnizate \u00a0\u00een cele \u00a0ce urmeaz\u0103.<\/p>\r\n\r\n\r\n\r\n<p>Politica \u00a0 de confiden\u021bialitate \u00a0se \u00a0refer\u0103 \u00a0la \u00a0utilizarea \u0219i colectarea \u00a0 informa\u021biilor \u00a0personale \u00a0pe \u00a0care ni \u00a0le \u00a0 furnizezi, \u00a0 atunci \u00a0c\u00e2nd vizitezi acest\u00a0site, prin \u00a0completarea \u00a0formularelor de \u00a0contact\/intrebari\/reclamatii \u00a0sau abonarea \u00a0 la newsletter.<\/p>\r\n\r\n\r\n\r\n<p><strong>2. Cine suntem noi?<\/strong><\/p>\r\n\r\n\r\n\r\n<p><strong>Asociatia RELEVANT CLUJ<\/strong>, constituit\u0103 \u0219i func\u021bion\u00e2nd \u00een conformitate cu legile din Rom\u00e2nia, cu sediul \u00een Cluj-Napoca, Str. Gheorghe Dima, nr. 6, bl. 2D, sc. 2, ap. 9, Cluj-Napoca, jud. Cluj, este responsabil\u0103 de prelucrarea datelor tale cu caracter personal pe care le colecteaz\u0103 direct de la tine.<\/p>\r\n\r\n\r\n\r\n<p>Potrivit legisla\u021biei, asociatia noastr\u0103 este operator de date cu caracter personal. Pentru ca datele tale s\u0103 fie prelucrate \u00een siguran\u021b\u0103, am depus toate eforturile s\u0103 implement\u0103m m\u0103suri rezonabile pentru a proteja informa\u021biile tale personale.<\/p>\r\n\r\n\r\n\r\n<p><strong>3. Cine e\u0219ti tu?<\/strong><\/p>\r\n\r\n\r\n\r\n<p>Potrivit legisla\u021biei, tu, persoana aflat\u0103 \u00eentr-o rela\u021bie de orice fel cu asociatia noastr\u0103, e\u0219ti o\u00a0<em>\u201e<\/em><strong><em>persoan\u0103 vizat\u0103<\/em><\/strong><em>\u201d,<\/em><strong><em>\u00a0<\/em><\/strong>adic\u0103 o persoan\u0103 fizic\u0103 identificat\u0103 sau identificabil\u0103. Pentru a fi complet transparen\u021bi \u00een privin\u021ba prelucr\u0103rii de date \u0219i pentru a-\u021bi permite s\u0103 \u00ee\u021bi exerci\u021bi cu u\u0219urin\u021b\u0103, \u00een orice moment, drepturile, am implementat m\u0103suri pentru a facilita comunicarea dintre noi, operatorul de date \u0219i tu, persoana vizat\u0103.<\/p>\r\n\r\n\r\n\r\n<p><strong>4. Angajamentul Nostru<\/strong><\/p>\r\n\r\n\r\n\r\n<p>Protec\u021bia informa\u021biilor tale personale este foarte important\u0103 pentru noi. De aceea, ne-am luat angajamentul s\u0103 respect\u0103m legisla\u021bia european\u0103 \u0219i na\u021bional\u0103 privind protec\u021bia datelor cu caracter personal, \u00een special Regulamentul (EU) 679\/2016, cunoscut \u0219i sub denumirea de GDPR \u0219i urm\u0103toarele principii:<\/p>\r\n\r\n\r\n\r\n<ul>\r\n<li><strong>Legalitate, echitate \u0219i transparen\u021b\u0103<\/strong><\/li>\r\n<\/ul>\r\n\r\n\r\n\r\n<p>Prelucr\u0103m datele tale legal \u0219i corect. Suntem \u00eentotdeauna transparen\u021bi \u00een privin\u021ba informa\u021biilor pe care utiliz\u0103m, iar tu e\u0219ti informat corespunz\u0103tor.<\/p>\r\n\r\n\r\n\r\n<ul>\r\n<li><strong>Controlul \u00ee\u021bi apar\u021bine<\/strong><\/li>\r\n<\/ul>\r\n\r\n\r\n\r\n<p>\u00cen limitele legii, \u00ee\u021bi oferim posibilitatea de a examina, modifica, \u0219terge datele personale pe care le-ai \u00eemp\u0103rt\u0103\u0219it cu noi \u0219i de a-\u021bi exercita celelalte drepturi.<\/p>\r\n\r\n\r\n\r\n<ul>\r\n<li><strong>Integritatea datelor \u0219i limitarea scopului<\/strong><\/li>\r\n<\/ul>\r\n\r\n\r\n\r\n<p>Utiliz\u0103m datele numai \u00een scopurile descrise la momentul colect\u0103rii sau \u00een noi scopuri compatibile cu cele ini\u021biale. \u00cen toate cazurile, scopurile noastre sunt compatibile cu legisla\u021bia. Lu\u0103m m\u0103suri rezonabile pentru a ne asigura c\u0103 datele personale sunt corecte, complete \u0219i actualizate.<\/p>\r\n\r\n\r\n\r\n<ul>\r\n<li><strong>Securitate<\/strong><\/li>\r\n<\/ul>\r\n\r\n\r\n\r\n<p>Am implementat m\u0103suri rezonabile de securitate \u0219i criptare, astfel \u00eenc\u00e2t s\u0103 \u00ee\u021bi protej\u0103m c\u00e2t mai bine informa\u021biile. Cu toate acestea, re\u021bine faptul c\u0103 niciun site web, nicio aplica\u021bie \u0219i nicio conexiune la internet nu este complet sigur\u0103.<\/p>\r\n\r\n\r\n\r\n<p><strong>5. Informa\u021biile Tale<\/strong><\/p>\r\n\r\n\r\n\r\n<p><strong>Ce fel de informa\u021bii colect\u0103m despre tine?<\/strong><\/p>\r\n\r\n\r\n\r\n<p>Informa\u021biile \u00a0sunt colectate doar in momentul \u00een care accepta\u021bi voluntar \u00a0\u0219i \u00een cuno\u0219tin\u021b\u0103 de cauz\u0103 trimiterea c\u0103tre \u00a0noi a \u00a0acestora.<\/p>\r\n\r\n\r\n\r\n<p>Datele tale personale pe care le colect\u0103m \u0219i prelucr\u0103m sunt: <em>nume, prenume, email, telefon. <\/em><\/p>\r\n\r\n\r\n\r\n<p>Este posibil s\u0103 colect\u0103m date prin module cookie sau alte tehnologii similare, precum <em>adresa IP, navigatorul de internet, loca\u021bia.<\/em><\/p>\r\n\r\n\r\n\r\n<p><strong>De ce colect\u0103m informatii cu caracter personal ?<\/strong><\/p>\r\n\r\n\r\n\r\n<p>Furnizarea datelor dumneavoastr\u0103 este voluntar\u0103. Colect\u0103m informa\u021biile tale \u00een scopuri determinate \u0219i legitime care includ, dar nu se limiteaz\u0103 la urm\u0103toarele:<\/p>\r\n\r\n\r\n\r\n<ul>\r\n<li>Pentru a-\u021bi r\u0103spunde la \u00eentreb\u0103ri \u0219i solicit\u0103ri<\/li>\r\n<li>\u00cen scopul efectu\u0103rii diverselor analize, raport\u0103ri privind modul de func\u021bionare al site-ului, realizarea de profiluri de preferin\u0163e de consum, \u00een principal, \u00een vederea \u00eembun\u0103t\u0103\u0163iri experien\u021bei oferite pe site.<\/li>\r\n<li>\u00cen scop de marketing, respectiv pentru transmiterea, prin intermediul mijloacelor de comunicare la distan\u0163\u0103 (e-mail, sms), de comunic\u0103ri comerciale \u0219i non-comerciale privind activit\u0103\u021bile oferite de Asocia\u021bia Relevant Cluj , prin intermediul site-ului.<\/li>\r\n<\/ul>\r\n\r\n\r\n\r\n<p><strong>Care este temeiul legal pentru prelucrare?<\/strong><\/p>\r\n\r\n\r\n\r\n<ul>\r\n<li><strong><em>\u021ai-ai dat consim\u021b\u0103m\u00e2ntul pentru prelucrarea datelor cu caracter personal<\/em><\/strong><\/li>\r\n<\/ul>\r\n\r\n\r\n\r\n<p>Re\u021bine c\u0103 \u00ee\u021bi po\u021bi retrage \u00een orice moment consim\u021b\u0103m\u00e2ntul prin transmiterea unei cereri scrise la adresa de e-mail\u00a0<a href=\"mailto:contact@relevantcluj.ro\">contact@relevantcluj.ro<\/a><\/p>\r\n\r\n\r\n\r\n<ul>\r\n<li><strong><em>Interes legitim al administratorului relevantcluj.ro <\/em><\/strong>de a \u00eembun\u0103t\u0103\u021bii permanent experien\u021ba cititorilor pe site<\/li>\r\n<\/ul>\r\n\r\n\r\n\r\n<p><strong>C\u00e2t timp stoc\u0103m datele?<\/strong><\/p>\r\n\r\n\r\n\r\n<p>Datele cu caracter personal sunt pastrate pe o perioada de maxim 3 ani. \u00cen momentul \u00een care iti retragi consim\u021b\u0103m\u00e2ntul pentru prelucrarea datelor cu caracter personal, datele tale cu caracter personal vor fi \u0219terse.<\/p>\r\n\r\n\r\n\r\n<p>Imediat dup\u0103 \u00eencheierea perioadei aplicabile de stocare, c\u0103ut\u0103m solu\u021bii pentru ob\u021binerea unui nou consim\u021b\u0103m\u00e2nt din partea ta sau \u00a0datele vor fi \u015fterse, distruse sau transferate \u00eentr-o arhiv\u0103 (cu excep\u021bia cazului \u00een care acest lucru este interzis prin lege sau regulament aplicabil privind p\u0103strare a \u00eenregistr\u0103rilor).<\/p>\r\n\r\n\r\n\r\n<p>Pentru a te sigura c\u0103 datele nu sunt p\u0103strate mai mult dec\u00e2t este necesar, Asociatia Relevant va revizui periodic datele \u0219i, dac\u0103 este cazul, le va \u0219terge.<\/p>\r\n\r\n\r\n\r\n<p><strong>Cum partaj\u0103m informa\u021biile tale cu ceilal\u021bi?<\/strong><\/p>\r\n\r\n\r\n\r\n<p>Doar Adun\u0103rii Generale \u0219i ai Consiliului Director, membrii care sunt prezbiterii bisericii, \u00een sensul Regulamentului de Ordine Interioar\u0103 al Asocia\u021biei pot avea acces la datele dvs.<\/p>\r\n\r\n\r\n\r\n<p>Este posibil ca departamentul tehnic al organiza\u021biei s\u0103 aib\u0103 acces la datele colectate \u00een scopul de a ne oferii suport \u0219i solu\u021bii tehnice \u00een vederea organiz\u0103rii datelor prelucrate \u0219i \u00een vederea asigur\u0103rii protec\u021biei acestor date.<\/p>\r\n\r\n\r\n\r\n<p>Am putea, de asemenea, partaja datele tale c\u0103tre voluntari, membrii la randul lor in asociatie, ca urmare a unui efort comun de a oferi un serviciu. Cu ace\u0219ti ter\u021bi avem clauze de confidentialitate, astfel \u00eenc\u00e2t datele tale s\u0103 fie protejate.<\/p>\r\n\r\n\r\n\r\n<p>Vom putea, de asemenea, furniza informa\u021biile tale cu caracter personal \u0219i c\u0103tre parchet, poli\u021bie, instan\u021bele judec\u0103tore\u0219ti \u0219i alte organe abilitate ale statului, \u00een baza \u0219i \u00een limitele prevederilor legale \u0219i ca urmare a unor cereri expres formulate.<\/p>\r\n\r\n\r\n\r\n<p>Ne vom asigura, \u00een limite rezonabile, c\u0103 datele tale nu p\u0103r\u0103sesc Spa\u021biul Economic European, \u00eens\u0103, \u00een m\u0103sura \u00een care vom transfera date c\u0103tre state din afara SEE, ne vom asigura, \u00een toate cazurile, c\u0103 transferurile sunt legitime, av\u00e2nd la baza consim\u021b\u0103m\u00e2ntul t\u0103u explicit sau alt temei legal.<\/p>\r\n\r\n\r\n\r\n<p><strong>6. Ce masuri de securitate am luat ?<\/strong><\/p>\r\n\r\n\r\n\r\n<p>Ca parte a administr\u0103rii am luat m\u0103suri tehnice \u0219i organizatorice pentru a asigura un nivel de securitate corespunz\u0103tor riscurilor pe care le comport\u0103 prelucrarea datelor, \u00een special prin utilizarea necorespunz\u0103toare, distrugerea accidental\u0103, accesarea ilegal\u0103 sau neautorizat\u0103, pierderea, alterarea, divulgarea, manipularea inten\u021bionat\u0103 sau accidental\u0103, accesul ter\u021bilor, \u0219tergerea \u0219i modificarea. \u00cen acest scop, am dezvoltat \u0219i implementat politici de securitate a datelor \u0219i alte practici de confiden\u021bialitate.<\/p>\r\n\r\n\r\n\r\n<p>Vei fi notificat cu privire la o \u00eenc\u0103lcare a securit\u0103\u021bii datelor, \u00eentr-o perioad\u0103 rezonabil\u0103 de timp dup\u0103 descoperirea unei astfel de \u00eenc\u0103lc\u0103ri, cu excep\u021bia cazului \u00een care un organism public abilitat determin\u0103 c\u0103 notificarea ar \u00eempiedica o cercetare penal\u0103 sau ar aduce prejudicii securit\u0103\u021bii na\u021bionale. \u00cen acest caz, notificarea va fi am\u00e2nat\u0103, conform instruc\u021biunilor unui astfel de organism. Vom r\u0103spunde cu promptitudine la \u00eentreb\u0103rile tale referitoare la o astfel de \u00eenc\u0103lcare a securit\u0103\u021bii datelor.<\/p>\r\n\r\n\r\n\r\n<p><strong>7. Care sunt drepturile tale?<\/strong><\/p>\r\n\r\n\r\n\r\n<p>Drepturile tale conform Regulamentului GDPR sunt urm\u0103toarele:<\/p>\r\n\r\n\r\n\r\n<ul>\r\n<li>Dreptul de retragere a consim\u021b\u0103m\u00e2ntului<\/li>\r\n<li>Dreptul de a fi informat cu privire la prelucrarea datelor tale<\/li>\r\n<li>Dreptul de acces asupra datelor<\/li>\r\n<li>Dreptul de a rectifica datele inexacte sau incomplete<\/li>\r\n<li>Dreptul de \u0219tergere (\u201e<em>dreptul de a fi uitat<\/em>\u201d)<\/li>\r\n<li>Dreptul la restric\u021bionarea prelucr\u0103rii<\/li>\r\n<li>Dreptul de a transmite datele pe care le avem despre tine c\u0103tre alt operator<\/li>\r\n<li>Dreptul de a te opune prelucr\u0103rii datelor<\/li>\r\n<li>Dreptul de a nu face obiectul unei decizii bazate exclusiv pe prelucrarea automat\u0103, inclusiv crearea de profiluri<\/li>\r\n<li>Dreptul de a te adresa justi\u021biei<\/li>\r\n<li>Dreptul de o pl\u00e2ngere \u00een fa\u021ba unei Autorit\u0103\u021bi de Supraveghere<\/li>\r\n<\/ul>\r\n\r\n\r\n\r\n<p>Te rug\u0103m s\u0103 <strong>re\u021bii<\/strong> c\u0103:<\/p>\r\n\r\n\r\n\r\n<ul>\r\n<li>Poti s\u0103 iti exercita\u021bi aceste drepturi, individual sau cumulat, prin simpla transmitere a unei solicit\u0103ri la adresa de e-mail contact@relevantcluj.ro<\/li>\r\n<\/ul>\r\n\r\n\r\n\r\n<ul>\r\n<li>Drepturile enumerate mai sus nu sunt absolute. Exist\u0103 excep\u021bii, de aceea fiecare cerere primite va fi analizat\u0103 astfel \u00eenc\u00e2t s\u0103 decidem dac\u0103 este \u00eentemeiat\u0103 sau nu. \u00cen m\u0103sura \u00een care cererea este \u00eentemeiat\u0103, \u00ee\u021bi vom facilita exercitarea drepturilor. Dac\u0103 cererea este ne\u00eentemeiat\u0103, o vom respinge, \u00eens\u0103 te vom informa asupra motivelor refuzului \u0219i asupra drepturilor de a depune o pl\u00e2ngere la Autoritatea de Supraveghere \u0219i de a te adresa justi\u021biei.<\/li>\r\n<li>Vom \u00eencerca s\u0103 r\u0103spundem solicit\u0103rii \u00een termen de 30 de zile. Cu toate acestea, termenul poate fi prelungit \u00een func\u021bie de diferite aspect, precum complexitatea cererii, num\u0103rul mare de cereri primite sau imposibilitatea de a te identifica \u00eentr-un termen util.<\/li>\r\n<li>Dac\u0103, de\u0219i depunem toate eforturile, nu reu\u0219im s\u0103 te identific\u0103m, iar tu nu ne furnizezi informa\u021bii suplimentare pentru a reu\u0219i s\u0103 te identific\u0103m, nu suntem obliga\u021bi s\u0103 d\u0103m curs solicit\u0103rii.<\/li>\r\n<\/ul>\r\n\r\n\r\n\r\n<p><strong>8. \u00centreb\u0103ri, solicit\u0103ri \u0219i exercitarea drepturilor<\/strong><\/p>\r\n\r\n\r\n\r\n<p>Dac\u0103 ai \u00eentreb\u0103ri sau nel\u0103muriri cu privire la prelucrarea datelor tale sau dac\u0103 ai \u00eengrijor\u0103ri cu privire la modul \u00een care trat\u0103m orice problem\u0103 de confiden\u021bialitate, ne po\u021bi scrie la adresa de e-mail\u00a0<a href=\"mailto:contact@lecado.ro\">contact@relevantcluj.ro<\/a><\/p>\r\n\r\n\r\n\r\n<p>\u00cen cazul \u00een care considera\u021bi c\u0103 unul dintre drepturi v-a fost \u00eenc\u0103lcat va pute\u021bi adresa c\u0103tre Autoritatea Na\u021bional\u0103 de Supraveghere a Prelucr\u0103rii Datelor\u00a0cu Caracter Personal la numerele de telefon\u00a0+40.318.059.211 \/\u00a0+40.318.059.212\u00a0 sau pe\u00a0 email la adresa:\u00a0<a href=\"mailto:anspdcp@dataprotection.ro\">anspdcp@dataprotection.ro<\/a>. Pentru alte informatii puteti accesa site-ul Autoritatii, la adresa\u00a0<a href=\"http:\/\/www.dataprotection.ro\/\">www.dataprotection.ro<\/a><\/p>\r\n\r\n\r\n\r\n<p>Aceast\u0103 pagin\u0103 de internet folose\u0219te fi\u0219iere de tip cookie. Pentru mai multe informa\u021bii cu privire la modul \u00een care se folosesc aceste fi\u0219iere, v\u0103 rug\u0103m s\u0103 accesa\u021bi acest <a rel=\"noreferrer noopener\" aria-label=\"link (se deschide \u00eentr-o fil\u0103 nou\u0103)\" href=\"https:\/\/www.relevantcluj.ro\/en\/cookie-policy\/\" target=\"_blank\">link<\/a>.<\/p>\r\n","protected":false},"excerpt":{"rendered":"<p>Ultima actualizare: Mai 2019 1. Introducere Scopul acestei politici de confiden\u021bialitate este s\u0103 \u00ee\u021bi explice ce date prelucr\u0103m, de ce le prelucr\u0103m \u0219i ce facem cu ele. Prin utilizarea \u00a0site-ului www.relevantcluj.ro accep\u021bi \u00a0politica \u00a0de confiden\u021bialitate a datelor furnizate \u00a0\u00een cele \u00a0ce urmeaz\u0103. Politica \u00a0 de confiden\u021bialitate \u00a0se \u00a0refer\u0103 \u00a0la \u00a0utilizarea [&hellip;]<\/p>\n","protected":false},"author":1,"featured_media":0,"parent":0,"menu_order":0,"comment_status":"closed","ping_status":"closed","template":"","meta":[],"yoast_head":"<!-- This site is optimized with the Yoast SEO plugin v21.0 - https:\/\/yoast.com\/wordpress\/plugins\/seo\/ -->\n<title>Politica de confiden\u021bialitate<\/title>\n<meta name=\"description\" content=\"Confiden\u021bialitatea datelor dumneavoastr\u0103 cu caracter personal reprezint\u0103 una dintre preocup\u0103rile principale ale administratorului relevantcluj.ro, cu sediul \u00een Rom\u00e2nia, \u00een calitate de operator de date.\" \/>\n<meta name=\"robots\" content=\"index, follow, max-snippet:-1, max-image-preview:large, max-video-preview:-1\" \/>\n<link rel=\"canonical\" href=\"https:\/\/www.relevantcluj.ro\/privacy-policy\/\" \/>\n<meta property=\"og:locale\" content=\"ro_RO\" \/>\n<meta property=\"og:type\" content=\"article\" \/>\n<meta property=\"og:title\" content=\"Politica de confiden\u021bialitate\" \/>\n<meta property=\"og:description\" content=\"Confiden\u021bialitatea datelor dumneavoastr\u0103 cu caracter personal reprezint\u0103 una dintre preocup\u0103rile principale ale administratorului relevantcluj.ro, cu sediul \u00een Rom\u00e2nia, \u00een calitate de operator de date.\" \/>\n<meta property=\"og:url\" content=\"https:\/\/www.relevantcluj.ro\/en\/privacy-policy\/\" \/>\n<meta property=\"og:site_name\" content=\"Biserica Relevant Cluj-Napoca\" \/>\n<meta property=\"article:publisher\" content=\"https:\/\/www.facebook.com\/relevantcluj\/\" \/>\n<meta property=\"article:modified_time\" content=\"2019-05-12T19:47:51+00:00\" \/>\n<meta name=\"twitter:card\" content=\"summary_large_image\" \/>\n<meta name=\"twitter:label1\" content=\"Timp estimat pentru citire\" \/>\n\t<meta name=\"twitter:data1\" content=\"8 minute\" \/>\n<script type=\"application\/ld+json\" class=\"yoast-schema-graph\">{\"@context\":\"https:\/\/schema.org\",\"@graph\":[{\"@type\":\"WebPage\",\"@id\":\"https:\/\/www.relevantcluj.ro\/en\/privacy-policy\/\",\"url\":\"https:\/\/www.relevantcluj.ro\/en\/privacy-policy\/\",\"name\":\"Politica de confiden\u021bialitate\",\"isPartOf\":{\"@id\":\"https:\/\/www.relevantcluj.ro\/#website\"},\"datePublished\":\"2019-01-14T07:11:21+00:00\",\"dateModified\":\"2019-05-12T19:47:51+00:00\",\"description\":\"Confiden\u021bialitatea datelor dumneavoastr\u0103 cu caracter personal reprezint\u0103 una dintre preocup\u0103rile principale ale administratorului relevantcluj.ro, cu sediul \u00een Rom\u00e2nia, \u00een calitate de operator de date.\",\"breadcrumb\":{\"@id\":\"https:\/\/www.relevantcluj.ro\/en\/privacy-policy\/#breadcrumb\"},\"inLanguage\":\"ro-RO\",\"potentialAction\":[{\"@type\":\"ReadAction\",\"target\":[\"https:\/\/www.relevantcluj.ro\/en\/privacy-policy\/\"]}]},{\"@type\":\"BreadcrumbList\",\"@id\":\"https:\/\/www.relevantcluj.ro\/en\/privacy-policy\/#breadcrumb\",\"itemListElement\":[{\"@type\":\"ListItem\",\"position\":1,\"name\":\"Home\",\"item\":\"https:\/\/www.relevantcluj.ro\/\"},{\"@type\":\"ListItem\",\"position\":2,\"name\":\"Privacy Policy\"}]},{\"@type\":\"WebSite\",\"@id\":\"https:\/\/www.relevantcluj.ro\/#website\",\"url\":\"https:\/\/www.relevantcluj.ro\/\",\"name\":\"Biserica Relevant Cluj-Napoca\",\"description\":\"\",\"publisher\":{\"@id\":\"https:\/\/www.relevantcluj.ro\/#organization\"},\"potentialAction\":[{\"@type\":\"SearchAction\",\"target\":{\"@type\":\"EntryPoint\",\"urlTemplate\":\"https:\/\/www.relevantcluj.ro\/?s={search_term_string}\"},\"query-input\":\"required name=search_term_string\"}],\"inLanguage\":\"ro-RO\"},{\"@type\":\"Organization\",\"@id\":\"https:\/\/www.relevantcluj.ro\/#organization\",\"name\":\"Grupul de Ini\u021biativ\u0103 Relevant Cluj\",\"url\":\"https:\/\/www.relevantcluj.ro\/\",\"logo\":{\"@type\":\"ImageObject\",\"inLanguage\":\"ro-RO\",\"@id\":\"https:\/\/www.relevantcluj.ro\/#\/schema\/logo\/image\/\",\"url\":\"https:\/\/www.relevantcluj.ro\/wp-content\/uploads\/2018\/06\/logo-relevant-web-big-.png\",\"contentUrl\":\"https:\/\/www.relevantcluj.ro\/wp-content\/uploads\/2018\/06\/logo-relevant-web-big-.png\",\"width\":850,\"height\":237,\"caption\":\"Grupul de Ini\u021biativ\u0103 Relevant Cluj\"},\"image\":{\"@id\":\"https:\/\/www.relevantcluj.ro\/#\/schema\/logo\/image\/\"},\"sameAs\":[\"https:\/\/www.facebook.com\/relevantcluj\/\"]}]}<\/script>\n<!-- \/ Yoast SEO plugin. -->","yoast_head_json":{"title":"Politica de confiden\u021bialitate","description":"Confiden\u021bialitatea datelor dumneavoastr\u0103 cu caracter personal reprezint\u0103 una dintre preocup\u0103rile principale ale administratorului relevantcluj.ro, cu sediul \u00een Rom\u00e2nia, \u00een calitate de operator de date.","robots":{"index":"index","follow":"follow","max-snippet":"max-snippet:-1","max-image-preview":"max-image-preview:large","max-video-preview":"max-video-preview:-1"},"canonical":"https:\/\/www.relevantcluj.ro\/privacy-policy\/","og_locale":"ro_RO","og_type":"article","og_title":"Politica de confiden\u021bialitate","og_description":"Confiden\u021bialitatea datelor dumneavoastr\u0103 cu caracter personal reprezint\u0103 una dintre preocup\u0103rile principale ale administratorului relevantcluj.ro, cu sediul \u00een Rom\u00e2nia, \u00een calitate de operator de date.","og_url":"https:\/\/www.relevantcluj.ro\/en\/privacy-policy\/","og_site_name":"Biserica Relevant Cluj-Napoca","article_publisher":"https:\/\/www.facebook.com\/relevantcluj\/","article_modified_time":"2019-05-12T19:47:51+00:00","twitter_card":"summary_large_image","twitter_misc":{"Timp estimat pentru citire":"8 minute"},"schema":{"@context":"https:\/\/schema.org","@graph":[{"@type":"WebPage","@id":"https:\/\/www.relevantcluj.ro\/en\/privacy-policy\/","url":"https:\/\/www.relevantcluj.ro\/en\/privacy-policy\/","name":"Politica de confiden\u021bialitate","isPartOf":{"@id":"https:\/\/www.relevantcluj.ro\/#website"},"datePublished":"2019-01-14T07:11:21+00:00","dateModified":"2019-05-12T19:47:51+00:00","description":"Confiden\u021bialitatea datelor dumneavoastr\u0103 cu caracter personal reprezint\u0103 una dintre preocup\u0103rile principale ale administratorului relevantcluj.ro, cu sediul \u00een Rom\u00e2nia, \u00een calitate de operator de date.","breadcrumb":{"@id":"https:\/\/www.relevantcluj.ro\/en\/privacy-policy\/#breadcrumb"},"inLanguage":"ro-RO","potentialAction":[{"@type":"ReadAction","target":["https:\/\/www.relevantcluj.ro\/en\/privacy-policy\/"]}]},{"@type":"BreadcrumbList","@id":"https:\/\/www.relevantcluj.ro\/en\/privacy-policy\/#breadcrumb","itemListElement":[{"@type":"ListItem","position":1,"name":"Home","item":"https:\/\/www.relevantcluj.ro\/"},{"@type":"ListItem","position":2,"name":"Privacy Policy"}]},{"@type":"WebSite","@id":"https:\/\/www.relevantcluj.ro\/#website","url":"https:\/\/www.relevantcluj.ro\/","name":"Biserica Relevant Cluj-Napoca","description":"","publisher":{"@id":"https:\/\/www.relevantcluj.ro\/#organization"},"potentialAction":[{"@type":"SearchAction","target":{"@type":"EntryPoint","urlTemplate":"https:\/\/www.relevantcluj.ro\/?s={search_term_string}"},"query-input":"required name=search_term_string"}],"inLanguage":"ro-RO"},{"@type":"Organization","@id":"https:\/\/www.relevantcluj.ro\/#organization","name":"Grupul de Ini\u021biativ\u0103 Relevant Cluj","url":"https:\/\/www.relevantcluj.ro\/","logo":{"@type":"ImageObject","inLanguage":"ro-RO","@id":"https:\/\/www.relevantcluj.ro\/#\/schema\/logo\/image\/","url":"https:\/\/www.relevantcluj.ro\/wp-content\/uploads\/2018\/06\/logo-relevant-web-big-.png","contentUrl":"https:\/\/www.relevantcluj.ro\/wp-content\/uploads\/2018\/06\/logo-relevant-web-big-.png","width":850,"height":237,"caption":"Grupul de Ini\u021biativ\u0103 Relevant Cluj"},"image":{"@id":"https:\/\/www.relevantcluj.ro\/#\/schema\/logo\/image\/"},"sameAs":["https:\/\/www.facebook.com\/relevantcluj\/"]}]}},"_links":{"self":[{"href":"https:\/\/www.relevantcluj.ro\/en\/wp-json\/wp\/v2\/pages\/1181\/"}],"collection":[{"href":"https:\/\/www.relevantcluj.ro\/en\/wp-json\/wp\/v2\/pages\/"}],"about":[{"href":"https:\/\/www.relevantcluj.ro\/en\/wp-json\/wp\/v2\/types\/page\/"}],"author":[{"embeddable":true,"href":"https:\/\/www.relevantcluj.ro\/en\/wp-json\/wp\/v2\/users\/1\/"}],"replies":[{"embeddable":true,"href":"https:\/\/www.relevantcluj.ro\/en\/wp-json\/wp\/v2\/comments\/?post=1181"}],"version-history":[{"count":2,"href":"https:\/\/www.relevantcluj.ro\/en\/wp-json\/wp\/v2\/pages\/1181\/revisions\/"}],"predecessor-version":[{"id":1183,"href":"https:\/\/www.relevantcluj.ro\/en\/wp-json\/wp\/v2\/pages\/1181\/revisions\/1183\/"}],"wp:attachment":[{"href":"https:\/\/www.relevantcluj.ro\/en\/wp-json\/wp\/v2\/media\/?parent=1181"}],"curies":[{"name":"wp","href":"https:\/\/api.w.org\/{rel}","templated":true}]}}